{"id":2664,"date":"2020-06-17T10:43:01","date_gmt":"2020-06-17T08:43:01","guid":{"rendered":"http:\/\/peruwithkenyi.de\/?page_id=2664"},"modified":"2025-07-23T10:51:54","modified_gmt":"2025-07-23T08:51:54","slug":"impressum","status":"publish","type":"page","link":"https:\/\/peruwithkenyi.de\/de_de\/impressum\/","title":{"rendered":"Impressum"},"content":{"rendered":"\t\t<div data-elementor-type=\"wp-post\" data-elementor-id=\"2664\" class=\"elementor elementor-2664\">\n\t\t\t\t\t\t<section class=\"elementor-section elementor-top-section elementor-element elementor-element-a62497c elementor-section-boxed elementor-section-height-default elementor-section-height-default\" data-id=\"a62497c\" data-element_type=\"section\">\n\t\t\t\t\t\t<div class=\"elementor-container elementor-column-gap-default\">\n\t\t\t\t\t<div class=\"elementor-column elementor-col-100 elementor-top-column elementor-element elementor-element-b3fd466\" data-id=\"b3fd466\" data-element_type=\"column\">\n\t\t\t<div class=\"elementor-widget-wrap elementor-element-populated\">\n\t\t\t\t\t\t<div class=\"elementor-element elementor-element-8777f32 elementor-widget elementor-widget-heading\" data-id=\"8777f32\" data-element_type=\"widget\" data-widget_type=\"heading.default\">\n\t\t\t\t<div class=\"elementor-widget-container\">\n\t\t\t\t\t<h2 class=\"elementor-heading-title elementor-size-default\">Impressum<\/h2>\t\t\t\t<\/div>\n\t\t\t\t<\/div>\n\t\t\t\t<div class=\"elementor-element elementor-element-d1ea5c9 elementor-widget-divider--separator-type-pattern elementor-widget-divider--no-spacing elementor-widget-divider--view-line elementor-widget elementor-widget-divider\" data-id=\"d1ea5c9\" data-element_type=\"widget\" data-widget_type=\"divider.default\">\n\t\t\t\t<div class=\"elementor-widget-container\">\n\t\t\t\t\t\t\t<div class=\"elementor-divider\" style=\"--divider-pattern-url: url(&quot;data:image\/svg+xml,%3Csvg xmlns=&#039;http:\/\/www.w3.org\/2000\/svg&#039; preserveAspectRatio=&#039;xMidYMid meet&#039; overflow=&#039;visible&#039; height=&#039;100%&#039; viewBox=&#039;0 0 120 26&#039; fill=&#039;black&#039; stroke=&#039;none&#039;%3E%3Cpolygon points=&#039;0,14.4 0,21 11.5,12.4 21.3,20 30.4,11.1 40.3,20 51,12.4 60.6,20 69.6,11.1 79.3,20 90.1,12.4 99.6,20 109.7,11.1 120,21 120,14.4 109.7,5 99.6,13 90.1,5 79.3,14.5 71,5.7 60.6,12.4 51,5 40.3,14.5 31.1,5 21.3,13 11.5,5 \t&#039;\/%3E%3C\/svg%3E&quot;);\">\n\t\t\t<span class=\"elementor-divider-separator\">\n\t\t\t\t\t\t<\/span>\n\t\t<\/div>\n\t\t\t\t\t\t<\/div>\n\t\t\t\t<\/div>\n\t\t\t\t<section class=\"elementor-section elementor-inner-section elementor-element elementor-element-b8f06a2 elementor-section-boxed elementor-section-height-default elementor-section-height-default\" data-id=\"b8f06a2\" data-element_type=\"section\">\n\t\t\t\t\t\t<div class=\"elementor-container elementor-column-gap-default\">\n\t\t\t\t\t<div class=\"elementor-column elementor-col-100 elementor-inner-column elementor-element elementor-element-33e798b\" data-id=\"33e798b\" data-element_type=\"column\">\n\t\t\t<div class=\"elementor-widget-wrap elementor-element-populated\">\n\t\t\t\t\t\t<div class=\"elementor-element elementor-element-647632b elementor-widget elementor-widget-image-box\" data-id=\"647632b\" data-element_type=\"widget\" data-widget_type=\"image-box.default\">\n\t\t\t\t<div class=\"elementor-widget-container\">\n\t\t\t\t\t<div class=\"elementor-image-box-wrapper\"><div class=\"elementor-image-box-content\"><h3 class=\"elementor-image-box-title\">Angaben gem\u00e4\u00df \u00a7 5 TMG:<\/h3><p class=\"elementor-image-box-description\"><br>Firma Kenyi Torres de Krug\n<br>Zeisigweg 8<br>71083 Herrenberg<\/p><\/div><\/div>\t\t\t\t<\/div>\n\t\t\t\t<\/div>\n\t\t\t\t<div class=\"elementor-element elementor-element-7789a71 elementor-widget elementor-widget-image-box\" data-id=\"7789a71\" data-element_type=\"widget\" data-widget_type=\"image-box.default\">\n\t\t\t\t<div class=\"elementor-widget-container\">\n\t\t\t\t\t<div class=\"elementor-image-box-wrapper\"><div class=\"elementor-image-box-content\"><h3 class=\"elementor-image-box-title\">Kontakt<\/h3><\/div><\/div>\t\t\t\t<\/div>\n\t\t\t\t<\/div>\n\t\t\t\t<div class=\"elementor-element elementor-element-562f1b7 elementor-widget elementor-widget-text-editor\" data-id=\"562f1b7\" data-element_type=\"widget\" data-widget_type=\"text-editor.default\">\n\t\t\t\t<div class=\"elementor-widget-container\">\n\t\t\t\t\t\t\t\t\t<p style=\"text-align: center;\">Tel: +49 173 661 8117<br \/>E-mail: <a href=\"mailto:kenyitorresdekrug@gmail.com\">kenyitorresdekrug@gmail.com<\/a><\/p><div>\u00a0<\/div>\t\t\t\t\t\t\t\t<\/div>\n\t\t\t\t<\/div>\n\t\t\t\t<div class=\"elementor-element elementor-element-beb1528 elementor-widget elementor-widget-image-box\" data-id=\"beb1528\" data-element_type=\"widget\" data-widget_type=\"image-box.default\">\n\t\t\t\t<div class=\"elementor-widget-container\">\n\t\t\t\t\t<div class=\"elementor-image-box-wrapper\"><div class=\"elementor-image-box-content\"><h3 class=\"elementor-image-box-title\">Umsatzsteuer:<\/h3><p class=\"elementor-image-box-description\">Umsatzsteuer-Identifikationsnummer gem\u00e4\u00df \u00a727 a Umsatzsteuergesetz:\nDE 366974963<span style=\"font-size: 15px;\"><\/span><\/p><\/div><\/div>\t\t\t\t<\/div>\n\t\t\t\t<\/div>\n\t\t\t\t<div class=\"elementor-element elementor-element-bb4d2cb elementor-widget elementor-widget-image-box\" data-id=\"bb4d2cb\" data-element_type=\"widget\" data-widget_type=\"image-box.default\">\n\t\t\t\t<div class=\"elementor-widget-container\">\n\t\t\t\t\t<div class=\"elementor-image-box-wrapper\"><div class=\"elementor-image-box-content\"><h3 class=\"elementor-image-box-title\">Verantwortlich f\u00fcr den Inhalt nach \u00a7 55 Abs. 2 RStV:<\/h3><p class=\"elementor-image-box-description\">Kenyi Torres de Krug<br>Zeisigweg 8<br>71083 Herrenberg<\/p><\/div><\/div>\t\t\t\t<\/div>\n\t\t\t\t<\/div>\n\t\t\t\t<div class=\"elementor-element elementor-element-4d0ecb4 elementor-widget elementor-widget-image-box\" data-id=\"4d0ecb4\" data-element_type=\"widget\" data-widget_type=\"image-box.default\">\n\t\t\t\t<div class=\"elementor-widget-container\">\n\t\t\t\t\t<div class=\"elementor-image-box-wrapper\"><div class=\"elementor-image-box-content\"><h3 class=\"elementor-image-box-title\">Urheberrechtliche Hinweise zur Website<\/h3><p class=\"elementor-image-box-description\"><strong>Verantwortlich f\u00fcr journalistisch-redaktionelle Inhalte ist:<\/strong><br>\nKenyi Torres de Krug\n<\/p><\/div><\/div>\t\t\t\t<\/div>\n\t\t\t\t<\/div>\n\t\t\t\t<div class=\"elementor-element elementor-element-66ea0e4 elementor-widget elementor-widget-text-editor\" data-id=\"66ea0e4\" data-element_type=\"widget\" data-widget_type=\"text-editor.default\">\n\t\t\t\t<div class=\"elementor-widget-container\">\n\t\t\t\t\t\t\t\t\t<p style=\"text-align: center;\"><strong>Gestaltung der Website:<br \/><\/strong>KosiKosi<br \/>Dominika Przybylska<br \/>E-Mail: <a href=\"mailto:dominika.przybylska@kosikosi.com\" target=\"_blank\" rel=\"noopener\">dominika.przybylska@kosikosi.com<\/a><br \/><strong><a href=\"http:\/\/www.kosikosi.com\" target=\"_blank\" rel=\"noopener\">www.kosikosi.com<\/a><\/strong><\/p>\t\t\t\t\t\t\t\t<\/div>\n\t\t\t\t<\/div>\n\t\t\t\t<div class=\"elementor-element elementor-element-e94e012 elementor-widget elementor-widget-image-box\" data-id=\"e94e012\" data-element_type=\"widget\" data-widget_type=\"image-box.default\">\n\t\t\t\t<div class=\"elementor-widget-container\">\n\t\t\t\t\t<div class=\"elementor-image-box-wrapper\"><div class=\"elementor-image-box-content\"><h3 class=\"elementor-image-box-title\">Bilder und Medien von:<\/h3><p class=\"elementor-image-box-description\"><strong>1. Kenyi Torres de Krug\n<br>2. dellapina<\/p><\/div><\/div>\t\t\t\t<\/div>\n\t\t\t\t<\/div>\n\t\t\t\t<div class=\"elementor-element elementor-element-248a1a0 elementor-widget elementor-widget-text-editor\" data-id=\"248a1a0\" data-element_type=\"widget\" data-widget_type=\"text-editor.default\">\n\t\t\t\t<div class=\"elementor-widget-container\">\n\t\t\t\t\t\t\t\t\t<p style=\"text-align: center;\"><strong>3. Pixabay:<\/strong><br \/><a href=\"https:\/\/pixabay.com\/de\" target=\"_blank\" rel=\"noopener\">www.pixabay.com\/de<\/a><\/p><ul><li style=\"text-align: center;\">staceylemire &#8211;\u00a0 <a href=\"https:\/\/pixabay.com\/de\/photos\/paco-peru-peruanischen-landschaft-1694024\/\" target=\"_blank\" rel=\"noopener\">paco-1694024_1920.jpg<\/a><\/li><li style=\"text-align: center;\">manchav &#8211; <a href=\"https:\/\/pixabay.com\/de\/photos\/biodiversidad-cajamarca-peru-1629801\/\" target=\"_blank\" rel=\"noopener\">biodiversidad-1629801.jpg<\/a><\/li><li style=\"text-align: center;\">steta- <a href=\"https:\/\/pixabay.com\/de\/photos\/peru-bolivien-textil-farben-4014042\/\" target=\"_blank\" rel=\"noopener\">peru-4014042.jpg<\/a><\/li><li style=\"text-align: center;\">Marco Torrazzina &#8211; <a href=\"https:\/\/pixabay.com\/de\/photos\/peru-reisen-tourismus-natur-inca-4960865\/\" target=\"_blank\" rel=\"noopener\">peru-4960865-scaled.jpg<\/a><\/li><li style=\"text-align: center;\"><span class=\"attribution_field hide-sm hide-md\">Laureano Cane &#8211; <a href=\"https:\/\/pixabay.com\/de\/photos\/tier-flamme-andina-andentiere-peru-1964247\/\" target=\"_blank\" rel=\"noopener\">animal-1964247-e1587414869803.jpg<\/a><\/span><\/li><li style=\"text-align: center;\">LoggaWiggler &#8211;\u00a0<a href=\"https:\/\/pixabay.com\/de\/photos\/mais-maissorten-peru-bunter-mais-43314\/\" target=\"_blank\" rel=\"noopener\">corn-43314.jpg<\/a><\/li><li style=\"text-align: center;\">G\u00f6tz Friedrich &#8211; <a href=\"https:\/\/pixabay.com\/de\/photos\/peru-berg-pferd-s%C3%BCdamerika-natur-4563285\/\" target=\"_blank\" rel=\"noopener\">peru-4563285.jpg<\/a><\/li><li style=\"text-align: center;\">272447 &#8211;\u00a0<a href=\"https:\/\/pixabay.com\/de\/photos\/machu-picchu-ruinen-berge-peru-1569324\/\" target=\"_blank\" rel=\"noopener\">machu-picchu-1569324.jpg<\/a><\/li><li style=\"text-align: center;\">Martin Dubreuil &#8211; <a href=\"https:\/\/pixabay.com\/de\/photos\/peru-alpaka-tier-wolle-niedlich-5030953\/\" target=\"_blank\" rel=\"noopener\">peru-5030953_1920.jpg<\/a><\/li><li style=\"text-align: center;\">LoggaWiggler &#8211; <a href=\"https:\/\/pixabay.com\/de\/photos\/kartoffeln-rot-lebensmittel-gem%C3%BCse-43257\/\" target=\"_blank\" rel=\"noopener\">potatoes-43257_640.jpg<\/a><\/li><\/ul>\t\t\t\t\t\t\t\t<\/div>\n\t\t\t\t<\/div>\n\t\t\t\t<div class=\"elementor-element elementor-element-8347836 elementor-widget elementor-widget-image-box\" data-id=\"8347836\" data-element_type=\"widget\" data-widget_type=\"image-box.default\">\n\t\t\t\t<div class=\"elementor-widget-container\">\n\t\t\t\t\t<div class=\"elementor-image-box-wrapper\"><div class=\"elementor-image-box-content\"><h3 class=\"elementor-image-box-title\"><a href=\"https:\/\/ec.europa.eu\/consumers\/odr\" target=\"_blank\">EU-Streitschlichtung<\/a><\/h3><p class=\"elementor-image-box-description\">Die Europ\u00e4ische Kommission stellt eine Plattform zur Online-Streitbeilegung (OS) bereit: https:\/\/ec.europa.eu\/consumers\/odr.\nUnsere E-Mail-Adresse finden Sie oben im Impressum.<\/p><\/div><\/div>\t\t\t\t<\/div>\n\t\t\t\t<\/div>\n\t\t\t\t<div class=\"elementor-element elementor-element-00475ea elementor-widget elementor-widget-image-box\" data-id=\"00475ea\" data-element_type=\"widget\" data-widget_type=\"image-box.default\">\n\t\t\t\t<div class=\"elementor-widget-container\">\n\t\t\t\t\t<div class=\"elementor-image-box-wrapper\"><div class=\"elementor-image-box-content\"><h3 class=\"elementor-image-box-title\"><a href=\"http:\/\/www.e-recht24.de\" target=\"_blank\">Verbraucherstreitbeilegung\/Universalschlichtungsstelle<\/a><\/h3><p class=\"elementor-image-box-description\">Wir sind nicht bereit oder verpflichtet, an Streitbeilegungsverfahren vor einer Verbraucherschlichtungsstelle teilzunehmen.\n<br>Quelle:\ne-recht24.de<\/p><\/div><\/div>\t\t\t\t<\/div>\n\t\t\t\t<\/div>\n\t\t\t\t<div class=\"elementor-element elementor-element-e57b19e elementor-widget elementor-widget-image-box\" data-id=\"e57b19e\" data-element_type=\"widget\" data-widget_type=\"image-box.default\">\n\t\t\t\t<div class=\"elementor-widget-container\">\n\t\t\t\t\t<div class=\"elementor-image-box-wrapper\"><div class=\"elementor-image-box-content\"><h3 class=\"elementor-image-box-title\"><a href=\"http:\/\/www.e-recht24.de\" target=\"_blank\">Haftung fu\u0308r Links<\/a><\/h3><p class=\"elementor-image-box-description\">Unser Angebot enth\u00e4lt Links zu externen Websites Dritter, auf deren Inhalte wir keinen Einfluss haben.\nDeshalb k\u00f6nnen wir fu\u0308r diese fremden Inhalte auch keine Gew\u00e4hr u\u0308bernehmen. Fu\u0308r die Inhalte der\nverlinkten Seiten ist stets der jeweilige Anbieter oder Betreiber der Seiten verantwortlich. Die verlinkten\nSeiten wurden zum Zeitpunkt der Verlinkung auf m\u00f6gliche Rechtsverst\u00f6\u00dfe u\u0308berpru\u0308ft. Rechtswidrige\nInhalte waren zum Zeitpunkt der Verlinkung nicht erkennbar.\nEine permanente inhaltliche Kontrolle der verlinkten Seiten ist jedoch ohne konkrete Anhaltspunkte einer\nRechtsverletzung nicht zumutbar. Bei Bekanntwerden von Rechtsverletzungen werden wir derartige Links umgehend entfernen.<\/p><\/div><\/div>\t\t\t\t<\/div>\n\t\t\t\t<\/div>\n\t\t\t\t<div class=\"elementor-element elementor-element-e49d73e elementor-widget elementor-widget-image-box\" data-id=\"e49d73e\" data-element_type=\"widget\" data-widget_type=\"image-box.default\">\n\t\t\t\t<div class=\"elementor-widget-container\">\n\t\t\t\t\t<div class=\"elementor-image-box-wrapper\"><div class=\"elementor-image-box-content\"><h3 class=\"elementor-image-box-title\"><a href=\"http:\/\/www.e-recht24.de\" target=\"_blank\">Urheberrecht<\/a><\/h3><p class=\"elementor-image-box-description\">Die durch die Seitenbetreiber erstellten Inhalte und Werke auf diesen Seiten unterliegen dem deutschen\nUrheberrecht. Die Vervielf\u00e4ltigung, Bearbeitung, Verbreitung und jede Art der Verwertung au\u00dferhalb der\nGrenzen des Urheberrechtes bedu\u0308rfen der schriftlichen Zustimmung des jeweiligen Autors bzw.\nErstellers. Downloads und Kopien dieser Seite sind nur fu\u0308r den privaten, nicht kommerziellen Gebrauch\ngestattet.\nSoweit die Inhalte auf dieser Seite nicht vom Betreiber erstellt wurden, werden die Urheberrechte Dritter\nbeachtet. Insbesondere werden Inhalte Dritter als solche gekennzeichnet. Sollten Sie trotzdem auf eine\nUrheberrechtsverletzung aufmerksam werden, bitten wir um einen entsprechenden Hinweis. Bei\nBekanntwerden von Rechtsverletzungen werden wir derartige Inhalte umgehend entfernen.<\/p><\/div><\/div>\t\t\t\t<\/div>\n\t\t\t\t<\/div>\n\t\t\t\t\t<\/div>\n\t\t<\/div>\n\t\t\t\t\t<\/div>\n\t\t<\/section>\n\t\t\t\t\t<\/div>\n\t\t<\/div>\n\t\t\t\t\t<\/div>\n\t\t<\/section>\n\t\t\t\t<\/div>\n\t\t","protected":false},"excerpt":{"rendered":"<p>Impressum Angaben gem\u00e4\u00df \u00a7 5 TMG: Firma Kenyi Torres de Krug Zeisigweg 871083 Herrenberg Kontakt Tel: +49 173 661 8117E-mail: kenyitorresdekrug@gmail.com \u00a0 Umsatzsteuer: Umsatzsteuer-Identifikationsnummer gem\u00e4\u00df \u00a727 a Umsatzsteuergesetz: DE 366974963 Verantwortlich f\u00fcr den Inhalt nach \u00a7 55 Abs. 2 RStV: Kenyi Torres de KrugZeisigweg 871083 Herrenberg Urheberrechtliche Hinweise zur Website Verantwortlich f\u00fcr journalistisch-redaktionelle Inhalte ist: [&hellip;]<\/p>\n","protected":false},"author":1,"featured_media":0,"parent":0,"menu_order":70,"comment_status":"closed","ping_status":"closed","template":"","meta":{"site-sidebar-layout":"no-sidebar","site-content-layout":"page-builder","ast-site-content-layout":"default","site-content-style":"default","site-sidebar-style":"default","ast-global-header-display":"","ast-banner-title-visibility":"","ast-main-header-display":"","ast-hfb-above-header-display":"","ast-hfb-below-header-display":"","ast-hfb-mobile-header-display":"","site-post-title":"disabled","ast-breadcrumbs-content":"","ast-featured-img":"disabled","footer-sml-layout":"","theme-transparent-header-meta":"","adv-header-id-meta":"","stick-header-meta":"","header-above-stick-meta":"","header-main-stick-meta":"","header-below-stick-meta":"","astra-migrate-meta-layouts":"default","ast-page-background-enabled":"default","ast-page-background-meta":{"desktop":{"background-color":"","background-image":"","background-repeat":"repeat","background-position":"center center","background-size":"auto","background-attachment":"scroll","background-type":"","background-media":"","overlay-type":"","overlay-color":"","overlay-opacity":"","overlay-gradient":""},"tablet":{"background-color":"","background-image":"","background-repeat":"repeat","background-position":"center center","background-size":"auto","background-attachment":"scroll","background-type":"","background-media":"","overlay-type":"","overlay-color":"","overlay-opacity":"","overlay-gradient":""},"mobile":{"background-color":"","background-image":"","background-repeat":"repeat","background-position":"center center","background-size":"auto","background-attachment":"scroll","background-type":"","background-media":"","overlay-type":"","overlay-color":"","overlay-opacity":"","overlay-gradient":""}},"ast-content-background-meta":{"desktop":{"background-color":"var(--ast-global-color-5)","background-image":"","background-repeat":"repeat","background-position":"center center","background-size":"auto","background-attachment":"scroll","background-type":"","background-media":"","overlay-type":"","overlay-color":"","overlay-opacity":"","overlay-gradient":""},"tablet":{"background-color":"var(--ast-global-color-5)","background-image":"","background-repeat":"repeat","background-position":"center center","background-size":"auto","background-attachment":"scroll","background-type":"","background-media":"","overlay-type":"","overlay-color":"","overlay-opacity":"","overlay-gradient":""},"mobile":{"background-color":"var(--ast-global-color-5)","background-image":"","background-repeat":"repeat","background-position":"center center","background-size":"auto","background-attachment":"scroll","background-type":"","background-media":"","overlay-type":"","overlay-color":"","overlay-opacity":"","overlay-gradient":""}},"footnotes":""},"class_list":["post-2664","page","type-page","status-publish","hentry"],"yoast_head":"<!-- This site is optimized with the Yoast SEO plugin v25.5 - https:\/\/yoast.com\/wordpress\/plugins\/seo\/ -->\n<title>Impressum &#8226;<\/title>\n<meta name=\"description\" content=\"Peru with Kenyi entdecken, kenyi torres de krug, peruanische kochkurse, catering, peruanische schmuck, dellapina, laden Artis in Herrenberg\" \/>\n<meta name=\"robots\" content=\"index, follow, max-snippet:-1, max-image-preview:large, max-video-preview:-1\" \/>\n<link rel=\"canonical\" href=\"https:\/\/peruwithkenyi.de\/de_de\/impressum\/\" \/>\n<meta property=\"og:locale\" content=\"de_DE\" \/>\n<meta property=\"og:type\" content=\"article\" \/>\n<meta property=\"og:title\" content=\"Impressum &#8226;\" \/>\n<meta property=\"og:description\" content=\"Peru with Kenyi entdecken, kenyi torres de krug, peruanische kochkurse, catering, peruanische schmuck, dellapina, laden Artis in Herrenberg\" \/>\n<meta property=\"og:url\" content=\"https:\/\/peruwithkenyi.de\/de_de\/impressum\/\" \/>\n<meta property=\"article:modified_time\" content=\"2025-07-23T08:51:54+00:00\" \/>\n<meta name=\"twitter:card\" content=\"summary_large_image\" \/>\n<meta name=\"twitter:label1\" content=\"Gesch\u00e4tzte Lesezeit\" \/>\n\t<meta name=\"twitter:data1\" content=\"2\u00a0Minuten\" \/>\n<script type=\"application\/ld+json\" class=\"yoast-schema-graph\">{\"@context\":\"https:\/\/schema.org\",\"@graph\":[{\"@type\":\"WebPage\",\"@id\":\"https:\/\/peruwithkenyi.de\/impressum\/\",\"url\":\"https:\/\/peruwithkenyi.de\/impressum\/\",\"name\":\"Impressum &#8226;\",\"isPartOf\":{\"@id\":\"https:\/\/peruwithkenyi.de\/#website\"},\"datePublished\":\"2020-06-17T08:43:01+00:00\",\"dateModified\":\"2025-07-23T08:51:54+00:00\",\"description\":\"Peru with Kenyi entdecken, kenyi torres de krug, peruanische kochkurse, catering, peruanische schmuck, dellapina, laden Artis in Herrenberg\",\"breadcrumb\":{\"@id\":\"https:\/\/peruwithkenyi.de\/impressum\/#breadcrumb\"},\"inLanguage\":\"de\",\"potentialAction\":[{\"@type\":\"ReadAction\",\"target\":[\"https:\/\/peruwithkenyi.de\/impressum\/\"]}]},{\"@type\":\"BreadcrumbList\",\"@id\":\"https:\/\/peruwithkenyi.de\/impressum\/#breadcrumb\",\"itemListElement\":[{\"@type\":\"ListItem\",\"position\":1,\"name\":\"Startseite\",\"item\":\"https:\/\/peruwithkenyi.de\/\"},{\"@type\":\"ListItem\",\"position\":2,\"name\":\"Impressum\"}]},{\"@type\":\"WebSite\",\"@id\":\"https:\/\/peruwithkenyi.de\/#website\",\"url\":\"https:\/\/peruwithkenyi.de\/\",\"name\":\"\",\"description\":\"Kenyi\",\"publisher\":{\"@id\":\"https:\/\/peruwithkenyi.de\/#\/schema\/person\/7cfb96a0402d1bcc12b91e08b023c1ad\"},\"potentialAction\":[{\"@type\":\"SearchAction\",\"target\":{\"@type\":\"EntryPoint\",\"urlTemplate\":\"https:\/\/peruwithkenyi.de\/?s={search_term_string}\"},\"query-input\":{\"@type\":\"PropertyValueSpecification\",\"valueRequired\":true,\"valueName\":\"search_term_string\"}}],\"inLanguage\":\"de\"},{\"@type\":[\"Person\",\"Organization\"],\"@id\":\"https:\/\/peruwithkenyi.de\/#\/schema\/person\/7cfb96a0402d1bcc12b91e08b023c1ad\",\"name\":\"Kenyi\",\"image\":{\"@type\":\"ImageObject\",\"inLanguage\":\"de\",\"@id\":\"https:\/\/peruwithkenyi.de\/#\/schema\/person\/image\/\",\"url\":\"https:\/\/peruwithkenyi.de\/wp-content\/uploads\/2020\/05\/cropped-Kenyi-Logo-RGB-gelb-1.png\",\"contentUrl\":\"https:\/\/peruwithkenyi.de\/wp-content\/uploads\/2020\/05\/cropped-Kenyi-Logo-RGB-gelb-1.png\",\"width\":842,\"height\":284,\"caption\":\"Kenyi\"},\"logo\":{\"@id\":\"https:\/\/peruwithkenyi.de\/#\/schema\/person\/image\/\"},\"sameAs\":[\"http:\/\/peruwithkenyi.de\"]}]}<\/script>\n<!-- \/ Yoast SEO plugin. -->","yoast_head_json":{"title":"Impressum &#8226;","description":"Peru with Kenyi entdecken, kenyi torres de krug, peruanische kochkurse, catering, peruanische schmuck, dellapina, laden Artis in Herrenberg","robots":{"index":"index","follow":"follow","max-snippet":"max-snippet:-1","max-image-preview":"max-image-preview:large","max-video-preview":"max-video-preview:-1"},"canonical":"https:\/\/peruwithkenyi.de\/de_de\/impressum\/","og_locale":"de_DE","og_type":"article","og_title":"Impressum &#8226;","og_description":"Peru with Kenyi entdecken, kenyi torres de krug, peruanische kochkurse, catering, peruanische schmuck, dellapina, laden Artis in Herrenberg","og_url":"https:\/\/peruwithkenyi.de\/de_de\/impressum\/","article_modified_time":"2025-07-23T08:51:54+00:00","twitter_card":"summary_large_image","twitter_misc":{"Gesch\u00e4tzte Lesezeit":"2\u00a0Minuten"},"schema":{"@context":"https:\/\/schema.org","@graph":[{"@type":"WebPage","@id":"https:\/\/peruwithkenyi.de\/impressum\/","url":"https:\/\/peruwithkenyi.de\/impressum\/","name":"Impressum &#8226;","isPartOf":{"@id":"https:\/\/peruwithkenyi.de\/#website"},"datePublished":"2020-06-17T08:43:01+00:00","dateModified":"2025-07-23T08:51:54+00:00","description":"Peru with Kenyi entdecken, kenyi torres de krug, peruanische kochkurse, catering, peruanische schmuck, dellapina, laden Artis in Herrenberg","breadcrumb":{"@id":"https:\/\/peruwithkenyi.de\/impressum\/#breadcrumb"},"inLanguage":"de","potentialAction":[{"@type":"ReadAction","target":["https:\/\/peruwithkenyi.de\/impressum\/"]}]},{"@type":"BreadcrumbList","@id":"https:\/\/peruwithkenyi.de\/impressum\/#breadcrumb","itemListElement":[{"@type":"ListItem","position":1,"name":"Startseite","item":"https:\/\/peruwithkenyi.de\/"},{"@type":"ListItem","position":2,"name":"Impressum"}]},{"@type":"WebSite","@id":"https:\/\/peruwithkenyi.de\/#website","url":"https:\/\/peruwithkenyi.de\/","name":"","description":"Kenyi","publisher":{"@id":"https:\/\/peruwithkenyi.de\/#\/schema\/person\/7cfb96a0402d1bcc12b91e08b023c1ad"},"potentialAction":[{"@type":"SearchAction","target":{"@type":"EntryPoint","urlTemplate":"https:\/\/peruwithkenyi.de\/?s={search_term_string}"},"query-input":{"@type":"PropertyValueSpecification","valueRequired":true,"valueName":"search_term_string"}}],"inLanguage":"de"},{"@type":["Person","Organization"],"@id":"https:\/\/peruwithkenyi.de\/#\/schema\/person\/7cfb96a0402d1bcc12b91e08b023c1ad","name":"Kenyi","image":{"@type":"ImageObject","inLanguage":"de","@id":"https:\/\/peruwithkenyi.de\/#\/schema\/person\/image\/","url":"https:\/\/peruwithkenyi.de\/wp-content\/uploads\/2020\/05\/cropped-Kenyi-Logo-RGB-gelb-1.png","contentUrl":"https:\/\/peruwithkenyi.de\/wp-content\/uploads\/2020\/05\/cropped-Kenyi-Logo-RGB-gelb-1.png","width":842,"height":284,"caption":"Kenyi"},"logo":{"@id":"https:\/\/peruwithkenyi.de\/#\/schema\/person\/image\/"},"sameAs":["http:\/\/peruwithkenyi.de"]}]}},"_links":{"self":[{"href":"https:\/\/peruwithkenyi.de\/de_de\/wp-json\/wp\/v2\/pages\/2664","targetHints":{"allow":["GET"]}}],"collection":[{"href":"https:\/\/peruwithkenyi.de\/de_de\/wp-json\/wp\/v2\/pages"}],"about":[{"href":"https:\/\/peruwithkenyi.de\/de_de\/wp-json\/wp\/v2\/types\/page"}],"author":[{"embeddable":true,"href":"https:\/\/peruwithkenyi.de\/de_de\/wp-json\/wp\/v2\/users\/1"}],"replies":[{"embeddable":true,"href":"https:\/\/peruwithkenyi.de\/de_de\/wp-json\/wp\/v2\/comments?post=2664"}],"version-history":[{"count":35,"href":"https:\/\/peruwithkenyi.de\/de_de\/wp-json\/wp\/v2\/pages\/2664\/revisions"}],"predecessor-version":[{"id":4370,"href":"https:\/\/peruwithkenyi.de\/de_de\/wp-json\/wp\/v2\/pages\/2664\/revisions\/4370"}],"wp:attachment":[{"href":"https:\/\/peruwithkenyi.de\/de_de\/wp-json\/wp\/v2\/media?parent=2664"}],"curies":[{"name":"wp","href":"https:\/\/api.w.org\/{rel}","templated":true}]}}